{"id":168,"date":"2023-08-17T03:55:55","date_gmt":"2023-08-17T03:55:55","guid":{"rendered":"https:\/\/www.innset.com.br\/project\/"},"modified":"2023-11-21T22:04:02","modified_gmt":"2023-11-21T22:04:02","slug":"produtos","status":"publish","type":"page","link":"https:\/\/www.innset.com.br\/en\/produtos\/","title":{"rendered":"Products"},"content":{"rendered":"<div data-elementor-type=\"wp-page\" data-elementor-id=\"168\" class=\"elementor elementor-168\" data-elementor-post-type=\"page\">\n\t\t\t\t\t\t<section class=\"elementor-section elementor-top-section elementor-element elementor-element-50cc9cc elementor-section-boxed elementor-section-height-default elementor-section-height-default\" data-id=\"50cc9cc\" data-element_type=\"section\" data-settings=\"{&quot;background_background&quot;:&quot;classic&quot;}\">\n\t\t\t\t\t\t\t<div class=\"elementor-background-overlay\"><\/div>\n\t\t\t\t\t\t\t<div class=\"elementor-container elementor-column-gap-default\">\n\t\t\t\t\t<div class=\"elementor-column elementor-col-100 elementor-top-column elementor-element elementor-element-a067ad5\" data-id=\"a067ad5\" data-element_type=\"column\">\n\t\t\t<div class=\"elementor-widget-wrap elementor-element-populated\">\n\t\t\t\t\t\t<section class=\"elementor-section elementor-inner-section elementor-element elementor-element-435f7b6 elementor-section-boxed elementor-section-height-default elementor-section-height-default\" data-id=\"435f7b6\" data-element_type=\"section\">\n\t\t\t\t\t\t<div class=\"elementor-container elementor-column-gap-default\">\n\t\t\t\t\t<div class=\"elementor-column elementor-col-100 elementor-inner-column elementor-element elementor-element-a8518e9\" data-id=\"a8518e9\" data-element_type=\"column\">\n\t\t\t<div class=\"elementor-widget-wrap elementor-element-populated\">\n\t\t\t\t\t\t<div class=\"elementor-element elementor-element-71b93d3 elementor-invisible elementor-widget elementor-widget-heading\" data-id=\"71b93d3\" data-element_type=\"widget\" data-settings=\"{&quot;_animation&quot;:&quot;fadeInLeft&quot;,&quot;_animation_delay&quot;:200}\" data-widget_type=\"heading.default\">\n\t\t\t\t<div class=\"elementor-widget-container\">\n\t\t\t<h1 class=\"elementor-heading-title elementor-size-default\">Products<\/h1>\t\t<\/div>\n\t\t\t\t<\/div>\n\t\t\t\t\t<\/div>\n\t\t<\/div>\n\t\t\t\t\t<\/div>\n\t\t<\/section>\n\t\t\t\t\t<\/div>\n\t\t<\/div>\n\t\t\t\t\t<\/div>\n\t\t<\/section>\n\t\t\t\t<section class=\"elementor-section elementor-top-section elementor-element elementor-element-68c3676 elementor-section-boxed elementor-section-height-default elementor-section-height-default\" data-id=\"68c3676\" data-element_type=\"section\" data-settings=\"{&quot;background_background&quot;:&quot;classic&quot;}\">\n\t\t\t\t\t\t\t<div class=\"elementor-background-overlay\"><\/div>\n\t\t\t\t\t\t\t<div class=\"elementor-container elementor-column-gap-default\">\n\t\t\t\t\t<div class=\"elementor-column elementor-col-50 elementor-top-column elementor-element elementor-element-fcffec0 elementor-invisible\" data-id=\"fcffec0\" data-element_type=\"column\" data-settings=\"{&quot;animation&quot;:&quot;fadeInLeft&quot;}\">\n\t\t\t<div class=\"elementor-widget-wrap elementor-element-populated\">\n\t\t\t\t\t\t<div class=\"elementor-element elementor-element-a94ff0d elementor-widget elementor-widget-heading\" data-id=\"a94ff0d\" data-element_type=\"widget\" data-widget_type=\"heading.default\">\n\t\t\t\t<div class=\"elementor-widget-container\">\n\t\t\t<h2 class=\"elementor-heading-title elementor-size-default\">MCC<\/h2>\t\t<\/div>\n\t\t\t\t<\/div>\n\t\t\t\t<div class=\"elementor-element elementor-element-5c615f9 elementor-widget elementor-widget-text-editor\" data-id=\"5c615f9\" data-element_type=\"widget\" data-widget_type=\"text-editor.default\">\n\t\t\t\t<div class=\"elementor-widget-container\">\n\t\t\t\t\t\t\t<p>The Motor Control Center (MCC) is an electrical system used in industrial facilities to manage and control electric motors. At Innset, they are designed to simplify the control and protection of motors in an industrial environment, such as factories, power plants, and production facilities. With the application of protective devices, such as circuit breakers and relays, as well as control devices like start soft starters and frequency inverters, this system allows operators to efficiently control, monitor, and protect electric motors, ensuring safe and reliable operation of industrial machinery and processes. All industrial control panels are UL508a certified.<\/p>\t\t\t\t\t\t<\/div>\n\t\t\t\t<\/div>\n\t\t\t\t\t<\/div>\n\t\t<\/div>\n\t\t\t\t<div class=\"elementor-column elementor-col-50 elementor-top-column elementor-element elementor-element-74a7170\" data-id=\"74a7170\" data-element_type=\"column\">\n\t\t\t<div class=\"elementor-widget-wrap elementor-element-populated\">\n\t\t\t\t\t\t<div class=\"elementor-element elementor-element-38a9309 elementor-widget elementor-widget-image\" data-id=\"38a9309\" data-element_type=\"widget\" data-widget_type=\"image.default\">\n\t\t\t\t<div class=\"elementor-widget-container\">\n\t\t\t\t\t\t\t\t\t\t\t\t\t<img fetchpriority=\"high\" decoding=\"async\" width=\"800\" height=\"441\" src=\"https:\/\/www.innset.com.br\/wp-content\/uploads\/2023\/10\/Raizen-3-1024x564.jpeg\" class=\"attachment-large size-large wp-image-928\" alt=\"\" srcset=\"https:\/\/www.innset.com.br\/wp-content\/uploads\/2023\/10\/Raizen-3-1024x564.jpeg 1024w, https:\/\/www.innset.com.br\/wp-content\/uploads\/2023\/10\/Raizen-3-300x165.jpeg 300w, https:\/\/www.innset.com.br\/wp-content\/uploads\/2023\/10\/Raizen-3-768x423.jpeg 768w, https:\/\/www.innset.com.br\/wp-content\/uploads\/2023\/10\/Raizen-3-18x10.jpeg 18w, https:\/\/www.innset.com.br\/wp-content\/uploads\/2023\/10\/Raizen-3.jpeg 1072w\" sizes=\"(max-width: 800px) 100vw, 800px\" \/>\t\t\t\t\t\t\t\t\t\t\t\t\t<\/div>\n\t\t\t\t<\/div>\n\t\t\t\t\t<\/div>\n\t\t<\/div>\n\t\t\t\t\t<\/div>\n\t\t<\/section>\n\t\t\t\t<section class=\"elementor-section elementor-top-section elementor-element elementor-element-29fba7b elementor-reverse-mobile elementor-section-boxed elementor-section-height-default elementor-section-height-default\" data-id=\"29fba7b\" data-element_type=\"section\">\n\t\t\t\t\t\t\t<div class=\"elementor-background-overlay\"><\/div>\n\t\t\t\t\t\t\t<div class=\"elementor-container elementor-column-gap-default\">\n\t\t\t\t\t<div class=\"elementor-column elementor-col-50 elementor-top-column elementor-element elementor-element-6e389de\" data-id=\"6e389de\" data-element_type=\"column\">\n\t\t\t<div class=\"elementor-widget-wrap elementor-element-populated\">\n\t\t\t\t\t\t<div class=\"elementor-element elementor-element-8acce90 elementor-widget elementor-widget-image\" data-id=\"8acce90\" data-element_type=\"widget\" data-widget_type=\"image.default\">\n\t\t\t\t<div class=\"elementor-widget-container\">\n\t\t\t\t\t\t\t\t\t\t\t\t\t<img decoding=\"async\" src=\"https:\/\/www.innset.com.br\/wp-content\/uploads\/elementor\/thumbs\/CCMI-e1699377200383-qf0q7yyg780dd6ue8gfgbnv2mlnth2qxgfv9u2beps.jpeg\" title=\"CCMI\" alt=\"CCMI\" loading=\"lazy\" \/>\t\t\t\t\t\t\t\t\t\t\t\t\t<\/div>\n\t\t\t\t<\/div>\n\t\t\t\t\t<\/div>\n\t\t<\/div>\n\t\t\t\t<div class=\"elementor-column elementor-col-50 elementor-top-column elementor-element elementor-element-365b876 elementor-invisible\" data-id=\"365b876\" data-element_type=\"column\" data-settings=\"{&quot;animation&quot;:&quot;fadeInLeft&quot;}\">\n\t\t\t<div class=\"elementor-widget-wrap elementor-element-populated\">\n\t\t\t\t\t\t<div class=\"elementor-element elementor-element-66300c0 elementor-widget elementor-widget-heading\" data-id=\"66300c0\" data-element_type=\"widget\" data-widget_type=\"heading.default\">\n\t\t\t\t<div class=\"elementor-widget-container\">\n\t\t\t<h2 class=\"elementor-heading-title elementor-size-default\">iMCC<\/h2>\t\t<\/div>\n\t\t\t\t<\/div>\n\t\t\t\t<div class=\"elementor-element elementor-element-2cfccc3 elementor-widget elementor-widget-text-editor\" data-id=\"2cfccc3\" data-element_type=\"widget\" data-widget_type=\"text-editor.default\">\n\t\t\t\t<div class=\"elementor-widget-container\">\n\t\t\t\t\t\t\t<p>Our Intelligent Motor Control Centers (iMCC) are state-of-the-art electric motor control systems used in industrial and commercial environments. Our iMCC systems are highly technological and incorporate the latest market innovations. They offer advanced features such as real-time monitoring, precise control, cutting-edge energy efficiency, network communication, predictive maintenance, and advanced protection. This results in exceptional performance, energy savings, and increased reliability for electric motors. All industrial control panels are UL508a certified.<\/p>\t\t\t\t\t\t<\/div>\n\t\t\t\t<\/div>\n\t\t\t\t\t<\/div>\n\t\t<\/div>\n\t\t\t\t\t<\/div>\n\t\t<\/section>\n\t\t\t\t<section class=\"elementor-section elementor-top-section elementor-element elementor-element-e8040dc elementor-section-boxed elementor-section-height-default elementor-section-height-default\" data-id=\"e8040dc\" data-element_type=\"section\" data-settings=\"{&quot;background_background&quot;:&quot;classic&quot;}\">\n\t\t\t\t\t\t\t<div class=\"elementor-background-overlay\"><\/div>\n\t\t\t\t\t\t\t<div class=\"elementor-container elementor-column-gap-default\">\n\t\t\t\t\t<div class=\"elementor-column elementor-col-50 elementor-top-column elementor-element elementor-element-eb43e63 elementor-invisible\" data-id=\"eb43e63\" data-element_type=\"column\" data-settings=\"{&quot;animation&quot;:&quot;fadeInLeft&quot;}\">\n\t\t\t<div class=\"elementor-widget-wrap elementor-element-populated\">\n\t\t\t\t\t\t<div class=\"elementor-element elementor-element-52de805 elementor-widget elementor-widget-heading\" data-id=\"52de805\" data-element_type=\"widget\" data-widget_type=\"heading.default\">\n\t\t\t\t<div class=\"elementor-widget-container\">\n\t\t\t<h2 class=\"elementor-heading-title elementor-size-default\">LVSG<\/h2>\t\t<\/div>\n\t\t\t\t<\/div>\n\t\t\t\t<div class=\"elementor-element elementor-element-cd43e81 elementor-widget elementor-widget-text-editor\" data-id=\"cd43e81\" data-element_type=\"widget\" data-widget_type=\"text-editor.default\">\n\t\t\t\t<div class=\"elementor-widget-container\">\n\t\t\t\t\t\t\t<p>The Low Voltage Switchgear (LVSG) is a crucial component in electrical installations that receives power from the grid and distributes it safely to various circuits and loads. We design our LVSG to meet all current safety standards and the specific demands of our clients. Our priority is to deliver a product of the highest quality that provides excellence in performance while offering excellent cost-effectiveness. All industrial control panels are UL508a certified.<\/p>\t\t\t\t\t\t<\/div>\n\t\t\t\t<\/div>\n\t\t\t\t\t<\/div>\n\t\t<\/div>\n\t\t\t\t<div class=\"elementor-column elementor-col-50 elementor-top-column elementor-element elementor-element-9621241\" data-id=\"9621241\" data-element_type=\"column\">\n\t\t\t<div class=\"elementor-widget-wrap elementor-element-populated\">\n\t\t\t\t\t\t<section class=\"elementor-section elementor-inner-section elementor-element elementor-element-18a3be8 elementor-section-boxed elementor-section-height-default elementor-section-height-default\" data-id=\"18a3be8\" data-element_type=\"section\">\n\t\t\t\t\t\t<div class=\"elementor-container elementor-column-gap-default\">\n\t\t\t\t\t<div class=\"elementor-column elementor-col-100 elementor-inner-column elementor-element elementor-element-a592825\" data-id=\"a592825\" data-element_type=\"column\">\n\t\t\t<div class=\"elementor-widget-wrap elementor-element-populated\">\n\t\t\t\t\t\t<div class=\"elementor-element elementor-element-bbdba4e elementor-widget elementor-widget-image\" data-id=\"bbdba4e\" data-element_type=\"widget\" data-widget_type=\"image.default\">\n\t\t\t\t<div class=\"elementor-widget-container\">\n\t\t\t\t\t\t\t\t\t\t\t\t\t<img decoding=\"async\" width=\"800\" height=\"533\" src=\"https:\/\/www.innset.com.br\/wp-content\/uploads\/2023\/11\/QGBT-1024x682.jpeg\" class=\"attachment-large size-large wp-image-1064\" alt=\"\" srcset=\"https:\/\/www.innset.com.br\/wp-content\/uploads\/2023\/11\/QGBT-1024x682.jpeg 1024w, https:\/\/www.innset.com.br\/wp-content\/uploads\/2023\/11\/QGBT-300x200.jpeg 300w, https:\/\/www.innset.com.br\/wp-content\/uploads\/2023\/11\/QGBT-768x512.jpeg 768w, https:\/\/www.innset.com.br\/wp-content\/uploads\/2023\/11\/QGBT-1536x1023.jpeg 1536w, https:\/\/www.innset.com.br\/wp-content\/uploads\/2023\/11\/QGBT-18x12.jpeg 18w, https:\/\/www.innset.com.br\/wp-content\/uploads\/2023\/11\/QGBT.jpeg 1600w\" sizes=\"(max-width: 800px) 100vw, 800px\" \/>\t\t\t\t\t\t\t\t\t\t\t\t\t<\/div>\n\t\t\t\t<\/div>\n\t\t\t\t\t<\/div>\n\t\t<\/div>\n\t\t\t\t\t<\/div>\n\t\t<\/section>\n\t\t\t\t\t<\/div>\n\t\t<\/div>\n\t\t\t\t\t<\/div>\n\t\t<\/section>\n\t\t\t\t<section class=\"elementor-section elementor-top-section elementor-element elementor-element-f093cfc elementor-reverse-mobile elementor-section-boxed elementor-section-height-default elementor-section-height-default\" data-id=\"f093cfc\" data-element_type=\"section\">\n\t\t\t\t\t\t\t<div class=\"elementor-background-overlay\"><\/div>\n\t\t\t\t\t\t\t<div class=\"elementor-container elementor-column-gap-default\">\n\t\t\t\t\t<div class=\"elementor-column elementor-col-50 elementor-top-column elementor-element elementor-element-af775cc\" data-id=\"af775cc\" data-element_type=\"column\">\n\t\t\t<div class=\"elementor-widget-wrap elementor-element-populated\">\n\t\t\t\t\t\t<div class=\"elementor-element elementor-element-2b08d8e elementor-widget elementor-widget-image\" data-id=\"2b08d8e\" data-element_type=\"widget\" data-widget_type=\"image.default\">\n\t\t\t\t<div class=\"elementor-widget-container\">\n\t\t\t\t\t\t\t\t\t\t\t\t\t<img decoding=\"async\" width=\"800\" height=\"512\" src=\"https:\/\/www.innset.com.br\/wp-content\/uploads\/2023\/11\/cara-um-eletricista-trabalhando-em-uma-central-telefonica-com-fusiveis-instalacao-e-conexao-de-equipamentos-eletricos-fechar-se-1024x655.jpg\" class=\"attachment-large size-large wp-image-1056\" alt=\"\" srcset=\"https:\/\/www.innset.com.br\/wp-content\/uploads\/2023\/11\/cara-um-eletricista-trabalhando-em-uma-central-telefonica-com-fusiveis-instalacao-e-conexao-de-equipamentos-eletricos-fechar-se-1024x655.jpg 1024w, https:\/\/www.innset.com.br\/wp-content\/uploads\/2023\/11\/cara-um-eletricista-trabalhando-em-uma-central-telefonica-com-fusiveis-instalacao-e-conexao-de-equipamentos-eletricos-fechar-se-300x192.jpg 300w, https:\/\/www.innset.com.br\/wp-content\/uploads\/2023\/11\/cara-um-eletricista-trabalhando-em-uma-central-telefonica-com-fusiveis-instalacao-e-conexao-de-equipamentos-eletricos-fechar-se-768x491.jpg 768w, https:\/\/www.innset.com.br\/wp-content\/uploads\/2023\/11\/cara-um-eletricista-trabalhando-em-uma-central-telefonica-com-fusiveis-instalacao-e-conexao-de-equipamentos-eletricos-fechar-se-1536x983.jpg 1536w\" sizes=\"(max-width: 800px) 100vw, 800px\" \/>\t\t\t\t\t\t\t\t\t\t\t\t\t<\/div>\n\t\t\t\t<\/div>\n\t\t\t\t\t<\/div>\n\t\t<\/div>\n\t\t\t\t<div class=\"elementor-column elementor-col-50 elementor-top-column elementor-element elementor-element-393faf7 elementor-invisible\" data-id=\"393faf7\" data-element_type=\"column\" data-settings=\"{&quot;animation&quot;:&quot;fadeInLeft&quot;}\">\n\t\t\t<div class=\"elementor-widget-wrap elementor-element-populated\">\n\t\t\t\t\t\t<div class=\"elementor-element elementor-element-803046c elementor-widget elementor-widget-heading\" data-id=\"803046c\" data-element_type=\"widget\" data-widget_type=\"heading.default\">\n\t\t\t\t<div class=\"elementor-widget-container\">\n\t\t\t<h2 class=\"elementor-heading-title elementor-size-default\">LPB<\/h2>\t\t<\/div>\n\t\t\t\t<\/div>\n\t\t\t\t<div class=\"elementor-element elementor-element-5b8e920 elementor-widget elementor-widget-text-editor\" data-id=\"5b8e920\" data-element_type=\"widget\" data-widget_type=\"text-editor.default\">\n\t\t\t\t<div class=\"elementor-widget-container\">\n\t\t\t\t\t\t\t<p>Lighting Panelboards (LPB) are a key component in the electrical installations of buildings and commercial locations. Their main function is to distribute power efficiently to power lighting and electrical outlets in different areas of the building. Innset, with its expertise, provides solutions that deliver reliability and durability while maintaining extremely competitive costs. With us, you can rely on high-quality solutions to meet all your needs. All industrial control panels are UL508a certified.<\/p>\t\t\t\t\t\t<\/div>\n\t\t\t\t<\/div>\n\t\t\t\t\t<\/div>\n\t\t<\/div>\n\t\t\t\t\t<\/div>\n\t\t<\/section>\n\t\t\t\t<section class=\"elementor-section elementor-top-section elementor-element elementor-element-031db2f elementor-section-boxed elementor-section-height-default elementor-section-height-default\" data-id=\"031db2f\" data-element_type=\"section\" data-settings=\"{&quot;background_background&quot;:&quot;classic&quot;}\">\n\t\t\t\t\t\t\t<div class=\"elementor-background-overlay\"><\/div>\n\t\t\t\t\t\t\t<div class=\"elementor-container elementor-column-gap-default\">\n\t\t\t\t\t<div class=\"elementor-column elementor-col-50 elementor-top-column elementor-element elementor-element-62d0521 elementor-invisible\" data-id=\"62d0521\" data-element_type=\"column\" data-settings=\"{&quot;animation&quot;:&quot;fadeInLeft&quot;}\">\n\t\t\t<div class=\"elementor-widget-wrap elementor-element-populated\">\n\t\t\t\t\t\t<div class=\"elementor-element elementor-element-9dd1f38 elementor-widget elementor-widget-heading\" data-id=\"9dd1f38\" data-element_type=\"widget\" data-widget_type=\"heading.default\">\n\t\t\t\t<div class=\"elementor-widget-container\">\n\t\t\t<h2 class=\"elementor-heading-title elementor-size-default\">PLC<\/h2>\t\t<\/div>\n\t\t\t\t<\/div>\n\t\t\t\t<div class=\"elementor-element elementor-element-8c3d2e5 elementor-widget elementor-widget-text-editor\" data-id=\"8c3d2e5\" data-element_type=\"widget\" data-widget_type=\"text-editor.default\">\n\t\t\t\t<div class=\"elementor-widget-container\">\n\t\t\t\t\t\t\t<p>The PLC (Programmable Logic Controllers) Panels from Innset are a fundamental component in industrial automation systems, manufactured with the highest degree of quality and efficiency. They play a critical role in industrial automation, serving as the interface between operators and automated systems. Additionally, our panels come with manuals and designs that facilitate on-site connection, commissioning, and startup, ensuring a smooth and effective operation of industrial machinery and processes. This results in increased productivity and safety in industrial operations. All industrial control panels are UL508a certified.<\/p>\t\t\t\t\t\t<\/div>\n\t\t\t\t<\/div>\n\t\t\t\t\t<\/div>\n\t\t<\/div>\n\t\t\t\t<div class=\"elementor-column elementor-col-50 elementor-top-column elementor-element elementor-element-917a710\" data-id=\"917a710\" data-element_type=\"column\">\n\t\t\t<div class=\"elementor-widget-wrap elementor-element-populated\">\n\t\t\t\t\t\t<div class=\"elementor-element elementor-element-a9e1ea2 elementor-arrows-position-inside elementor-pagination-position-outside elementor-widget elementor-widget-image-carousel\" data-id=\"a9e1ea2\" data-element_type=\"widget\" data-settings=\"{&quot;slides_to_show&quot;:&quot;1&quot;,&quot;navigation&quot;:&quot;both&quot;,&quot;autoplay&quot;:&quot;yes&quot;,&quot;pause_on_hover&quot;:&quot;yes&quot;,&quot;pause_on_interaction&quot;:&quot;yes&quot;,&quot;autoplay_speed&quot;:5000,&quot;infinite&quot;:&quot;yes&quot;,&quot;effect&quot;:&quot;slide&quot;,&quot;speed&quot;:500}\" data-widget_type=\"image-carousel.default\">\n\t\t\t\t<div class=\"elementor-widget-container\">\n\t\t\t\t\t<div class=\"elementor-image-carousel-wrapper swiper\" dir=\"ltr\">\n\t\t\t<div class=\"elementor-image-carousel swiper-wrapper\" aria-live=\"off\">\n\t\t\t\t\t\t\t\t<div class=\"swiper-slide\" role=\"group\" aria-roledescription=\"slide\" aria-label=\"1 of 1\"><figure class=\"swiper-slide-inner\"><img decoding=\"async\" class=\"swiper-slide-image\" src=\"https:\/\/www.innset.com.br\/wp-content\/uploads\/2023\/11\/WhatsApp-Image-2023-11-04-at-11.35.20.jpeg\" alt=\"WhatsApp Image 2023-11-04 at 11.35.20\" \/><\/figure><\/div>\t\t\t<\/div>\n\t\t\t\t\t<\/div>\n\t\t\t\t<\/div>\n\t\t\t\t<\/div>\n\t\t\t\t\t<\/div>\n\t\t<\/div>\n\t\t\t\t\t<\/div>\n\t\t<\/section>\n\t\t\t\t<\/div>","protected":false},"excerpt":{"rendered":"<p>Produtos CCM O Centro de Controle de Motores (CCM) \u00e9 um sistema el\u00e9trico utilizado em instala\u00e7\u00f5es industriais para gerenciar e controlar motores el\u00e9tricos. Na Innset eles s\u00e3o projetados para simplificar o controle e prote\u00e7\u00e3o de motores em um ambiente industrial, como f\u00e1bricas, usinas e instala\u00e7\u00f5es de produ\u00e7\u00e3o. Com a aplica\u00e7\u00e3o de dispositivos de prote\u00e7\u00e3o, como [&hellip;]<\/p>","protected":false},"author":1,"featured_media":0,"parent":0,"menu_order":0,"comment_status":"closed","ping_status":"closed","template":"elementor_header_footer","meta":{"footnotes":""},"class_list":["post-168","page","type-page","status-publish","hentry"],"_links":{"self":[{"href":"https:\/\/www.innset.com.br\/en\/wp-json\/wp\/v2\/pages\/168","targetHints":{"allow":["GET"]}}],"collection":[{"href":"https:\/\/www.innset.com.br\/en\/wp-json\/wp\/v2\/pages"}],"about":[{"href":"https:\/\/www.innset.com.br\/en\/wp-json\/wp\/v2\/types\/page"}],"author":[{"embeddable":true,"href":"https:\/\/www.innset.com.br\/en\/wp-json\/wp\/v2\/users\/1"}],"replies":[{"embeddable":true,"href":"https:\/\/www.innset.com.br\/en\/wp-json\/wp\/v2\/comments?post=168"}],"version-history":[{"count":0,"href":"https:\/\/www.innset.com.br\/en\/wp-json\/wp\/v2\/pages\/168\/revisions"}],"wp:attachment":[{"href":"https:\/\/www.innset.com.br\/en\/wp-json\/wp\/v2\/media?parent=168"}],"curies":[{"name":"wp","href":"https:\/\/api.w.org\/{rel}","templated":true}]}}